{"id":1832,"date":"2016-11-28T20:21:30","date_gmt":"2016-11-28T19:21:30","guid":{"rendered":"http:\/\/qc-yachting.com\/?post_type=product&#038;p=1832"},"modified":"2022-01-17T22:39:09","modified_gmt":"2022-01-17T21:39:09","slug":"segeln-und-golf-sego","status":"publish","type":"product","link":"https:\/\/qc-yachting.com\/en\/alle\/segeln-und-golf-sego\/","title":{"rendered":"Sail and golf (SaiGo) &#8211; at present not available"},"content":{"rendered":"<p style=\"text-align: center;\"><strong><span style=\"color: #008000;\">NEU + + + NEU + + + NEU<\/span><\/strong><\/p>\n<h2>Segeln und Golf Kombination<\/h2>\n<div class=\"page\" title=\"Page 1\">\n<div class=\"layoutArea\">\n<div class=\"column\">\n<blockquote><p><strong>SeGo<\/strong> [ze:g&#8217;o]<br \/>\n<em>&#8220;<span style=\"color: #666699;\">mithilfe eines Segels (und der Kraft des Windes) fahren, sich fort-, vorw\u00e4rtsbewegen, um ein\u00a0<\/span><\/em><span style=\"color: #666699;\"><em>Rasenspiel mit Hartgummiball und Schl\u00e4gern zu spielen<\/em><\/span>&#8221; (frei nach Duden)<\/p><\/blockquote>\n<\/div>\n<\/div>\n<\/div>\n<p>Sie spielen Golf? Sie lieben die frische Luft? Sie lieben das Meer?<\/p>\n<p>Warum also nicht eine kurze Golfreise mit der Variante Segeln verbinden? Ob Sie nun Erfahrung als Segler haben oder nicht, Hauptsache Sie haben zum Golfspielen mindestens Platzreife, damit wir die Pl\u00e4tze in der Umgebung auch spielen k\u00f6nnen. Dabei wohnen Sie mit Ihrem Skipper (selbst Golfer, HcP 11,3) auf einer \u00fcber 14m Yacht, ausgestattet mit 4 Doppel-Kabinen. Nat\u00fcrlich ist die Yacht vollst\u00e4ndig ausgestattet und Sie k\u00f6nnen &#8220;Autark&#8221; bleiben, oder Sie besuchen unser Hafenrestaurant.<\/p>\n<p>In der direkten Umgebung der Marina Lelystad liegen 2 Golfpl\u00e4tze, beide mit erschwinglichen\u00a0Greenfee Regelungen.<\/p>\n<p>Angedacht ist: bei Wind wird am Markermeer oder Ijsselmeer gesegelt. Bei Windstille nat\u00fcrlich eine Runde Golf. Vormittags Golf, Nachmittags bei Wind segeln oder umgekehrt. Es bleibt jedoch komplett Ihnen \u00fcberlassen. \u00a0Ihr Skipper spielt auch ab Bft 6 noch Golf, geht nur nicht gerne bei Windstille segeln&#8230;&#8230;<\/p>\n<p>Nehmen Sie Kontakt zu uns auf und wir finden den passenden Termin.<\/p>\n<p><img loading=\"lazy\" decoding=\"async\" class=\"alignleft size-medium wp-image-1834\" src=\"http:\/\/qc-yachting.com\/wp-content\/uploads\/2016\/11\/MercedesTrophy-Rhein-Ruhr_2015-136-200x300.jpg\" alt=\"mercedestrophy-rhein-ruhr_2015-136\" width=\"200\" height=\"300\" srcset=\"https:\/\/qc-yachting.com\/wp-content\/uploads\/2016\/11\/MercedesTrophy-Rhein-Ruhr_2015-136-200x300.jpg 200w, https:\/\/qc-yachting.com\/wp-content\/uploads\/2016\/11\/MercedesTrophy-Rhein-Ruhr_2015-136-600x901.jpg 600w, https:\/\/qc-yachting.com\/wp-content\/uploads\/2016\/11\/MercedesTrophy-Rhein-Ruhr_2015-136-682x1024.jpg 682w, https:\/\/qc-yachting.com\/wp-content\/uploads\/2016\/11\/MercedesTrophy-Rhein-Ruhr_2015-136.jpg 1417w\" sizes=\"auto, (max-width: 200px) 100vw, 200px\" \/><\/p>\n<p><img loading=\"lazy\" decoding=\"async\" class=\"size-medium wp-image-1689\" src=\"http:\/\/qc-yachting.com\/wp-content\/uploads\/2016\/10\/20161010_081116077_iOS-300x225.jpg\" alt=\"Fuhren wir dann ganz entspannt im NOK\" width=\"300\" height=\"225\" srcset=\"https:\/\/qc-yachting.com\/wp-content\/uploads\/2016\/10\/20161010_081116077_iOS-300x225.jpg 300w, https:\/\/qc-yachting.com\/wp-content\/uploads\/2016\/10\/20161010_081116077_iOS-600x450.jpg 600w, https:\/\/qc-yachting.com\/wp-content\/uploads\/2016\/10\/20161010_081116077_iOS-1024x768.jpg 1024w\" sizes=\"auto, (max-width: 300px) 100vw, 300px\" \/><\/p>\n<p>&nbsp;<\/p>\n<p>&nbsp;<\/p>\n<table class=\"table table-bordered tours-tabs__table\" style=\"height: 365px;\" width=\"790\">\n<tbody>\n<tr>\n<td style=\"width: 162.03125px;\"><strong>AB (HAFEN)<\/strong><\/td>\n<td style=\"width: 611.984375px;\">Lelystad NL<\/td>\n<\/tr>\n<tr>\n<td style=\"width: 162.03125px;\"><strong>DATUM<\/strong>\n<p><strong>ZEIT<\/strong><\/p><\/td>\n<td style=\"width: 611.984375px;\"><strong>M\u00e4rz bis November (je nach Verf\u00fcgbarkeit)<\/strong>\n<p>(M\u00f6glich von Donnerstag-Montag oder Freitag-Dienstag)<\/p>\n<p>Bitte sp\u00e4testens 21:00 da sein.<\/p><\/td>\n<\/tr>\n<tr>\n<td style=\"width: 162.03125px;\"><strong>INKLUSIVE<\/strong><\/td>\n<td style=\"width: 611.984375px;\">\n<table class=\"table table-bordered\" style=\"height: 62px;\" width=\"300\">\n<tbody>\n<tr>\n<td><i class=\"fa fa-check icon-tick icon-tick--on\"><\/i>Unterkunft<\/td>\n<\/tr>\n<tr>\n<td><i class=\"fa fa-check icon-tick icon-tick--on\"><\/i>Lokaler Transfer<\/td>\n<td><i class=\"fa fa-check icon-tick icon-tick--on\"><\/i>Ihr\u00a0Skipper<\/td>\n<\/tr>\n<\/tbody>\n<\/table>\n<p>EINZELKABINE NOCH M\u00d6GLICH<\/p><\/td>\n<\/tr>\n<tr>\n<td style=\"width: 162.03125px;\"><strong>EXKLUSIVE<\/strong><\/td>\n<td style=\"width: 611.984375px;\">\n<table class=\"table table-bordered\" style=\"height: 62px;\" width=\"300\">\n<tbody>\n<tr>\n<td><i class=\"fa fa-times icon-tick icon-tick--off\"><\/i>Greenfee<\/td>\n<\/tr>\n<tr>\n<td><i class=\"fa fa-times icon-tick icon-tick--off\"><\/i>Parkgeb\u00fchr<\/td>\n<td><i class=\"fa fa-times icon-tick icon-tick--off\"><\/i> Mahlzeiten<\/td>\n<\/tr>\n<\/tbody>\n<\/table>\n<\/td>\n<\/tr>\n<\/tbody>\n<\/table>\n","protected":false},"excerpt":{"rendered":"<p>Kombination aus Segeln und Golfen. Angebot f\u00fcr die Saison 2017, je nach Verf\u00fcgbarkeit der Yachten.<\/p>\n","protected":false},"featured_media":1445,"comment_status":"open","ping_status":"closed","template":"","meta":[],"product_brand":[],"product_cat":[378,14],"product_tag":[465,461,466],"class_list":{"0":"post-1832","1":"product","2":"type-product","3":"status-publish","4":"has-post-thumbnail","6":"product_cat-weekend","7":"product_cat-cabin-charter","8":"product_tag-golf","9":"product_tag-melanie","10":"product_tag-segeln","11":"pa_fleet-pauline","12":"pa_fleet-s-y-melanie","13":"tour_category-deals-and-discounts","14":"tour_category-family-friendly","15":"tour_category-golf","16":"tour_category-lelystad","17":"tour_category-melanie","18":"tour_category-skipper-peter","19":"tour_category-weather-dependant","21":"first","22":"outofstock","23":"featured","24":"taxable","25":"shipping-taxable","26":"purchasable","27":"product-type-tour"},"translation":{"provider":"WPGlobus","version":"3.0.2","language":"en","enabled_languages":["de","en"],"languages":{"de":{"title":true,"content":true,"excerpt":true},"en":{"title":true,"content":false,"excerpt":true}}},"_links":{"self":[{"href":"https:\/\/qc-yachting.com\/en\/wp-json\/wp\/v2\/product\/1832","targetHints":{"allow":["GET"]}}],"collection":[{"href":"https:\/\/qc-yachting.com\/en\/wp-json\/wp\/v2\/product"}],"about":[{"href":"https:\/\/qc-yachting.com\/en\/wp-json\/wp\/v2\/types\/product"}],"replies":[{"embeddable":true,"href":"https:\/\/qc-yachting.com\/en\/wp-json\/wp\/v2\/comments?post=1832"}],"wp:featuredmedia":[{"embeddable":true,"href":"https:\/\/qc-yachting.com\/en\/wp-json\/wp\/v2\/media\/1445"}],"wp:attachment":[{"href":"https:\/\/qc-yachting.com\/en\/wp-json\/wp\/v2\/media?parent=1832"}],"wp:term":[{"taxonomy":"product_brand","embeddable":true,"href":"https:\/\/qc-yachting.com\/en\/wp-json\/wp\/v2\/product_brand?post=1832"},{"taxonomy":"product_cat","embeddable":true,"href":"https:\/\/qc-yachting.com\/en\/wp-json\/wp\/v2\/product_cat?post=1832"},{"taxonomy":"product_tag","embeddable":true,"href":"https:\/\/qc-yachting.com\/en\/wp-json\/wp\/v2\/product_tag?post=1832"}],"curies":[{"name":"wp","href":"https:\/\/api.w.org\/{rel}","templated":true}]}}