{"id":317,"date":"2015-12-09T14:53:04","date_gmt":"2015-12-09T13:53:04","guid":{"rendered":"http:\/\/qc-yachting.com\/?page_id=317"},"modified":"2018-08-31T10:51:20","modified_gmt":"2018-08-31T09:51:20","slug":"segelyacht-sans-souci","status":"publish","type":"page","link":"https:\/\/qc-yachting.com\/en\/fleet\/segelyacht-sans-souci\/","title":{"rendered":"S\/V &#8220;Sans Souci&#8221;"},"content":{"rendered":"<p>[wpbs id=&#8221;1&#8243; form=&#8221;1&#8243; title=&#8221;no&#8221; legend=&#8221;yes&#8221; dropdown=&#8221;yes&#8221; start=&#8221;1&#8243; display=&#8221;3&#8243; language=&#8221;auto&#8221; history=&#8221;1&#8243; tooltip=&#8221;3&#8243; month=&#8221;3&#8243; year=&#8221;0&#8243; selection=&#8221;multiple&#8221; autopending=&#8221;no&#8221; weeknumbers=&#8221;no&#8221; minimumdays=&#8221;3&#8243; formposition=&#8221;side&#8221;]<\/p>\n<table class=\"table table-bordered\" style=\"height: 1176px;\" width=\"371\">\n<thead>\n<tr>\n<th>Liegeplatz<\/th>\n<th>Rostock &#8211; Warnem\u00fcnde (Marina Hohe D\u00fcne)<\/th>\n<\/tr>\n<\/thead>\n<tbody>\n<tr>\n<td><\/td>\n<td><\/td>\n<\/tr>\n<tr>\n<td>L<strong>\u00e4nge \u00fc.a.<\/strong><\/td>\n<td>14,20 m<\/td>\n<\/tr>\n<tr>\n<td><strong>Breite<\/strong><\/td>\n<td>4,35 m<\/td>\n<\/tr>\n<tr>\n<td><strong>Tiefgang<\/strong><\/td>\n<td>1,85\u00a0m<\/td>\n<\/tr>\n<tr>\n<td><strong>Bootsrumpf<\/strong><\/td>\n<td>GFK<\/td>\n<\/tr>\n<tr>\n<td><strong>Motor<\/strong><\/td>\n<td>55 PS Volvo<\/td>\n<\/tr>\n<tr>\n<td><strong>Vorsegel<\/strong><\/td>\n<td>71,00 qm Rollreff<\/td>\n<\/tr>\n<tr>\n<td><strong>Gro\u00df<\/strong><\/td>\n<td>51,00 qm<\/td>\n<\/tr>\n<tr>\n<td><strong>Kabinen<\/strong><\/td>\n<td>4<\/td>\n<\/tr>\n<tr>\n<td><strong>Kojen<\/strong><\/td>\n<td>8 + 2<\/td>\n<\/tr>\n<tr>\n<td><strong>Baujahr<\/strong><\/td>\n<td>2005<\/td>\n<\/tr>\n<tr>\n<td><strong>Photos<\/strong> (nur wenige&#8230;)<\/td>\n<td>\u00a0<a href=\"http:\/\/qc-yachting.com\/wp-content\/uploads\/2015\/12\/SansSouci-im-Hafen.jpg\" rel=\"attachment wp-att-174\"><img loading=\"lazy\" decoding=\"async\" class=\"alignnone size-full wp-image-174\" src=\"http:\/\/qc-yachting.com\/wp-content\/uploads\/2015\/12\/SansSouci-im-Hafen.jpg\" alt=\"SansSouci im Hafen\" width=\"268\" height=\"200\" \/><\/a><\/td>\n<\/tr>\n<tr>\n<td>\u00a0Cockpit<a href=\"http:\/\/qc-yachting.com\/wp-content\/uploads\/2015\/12\/Cock1.jpg\" rel=\"attachment wp-att-278\"><img loading=\"lazy\" decoding=\"async\" class=\"alignnone size-medium wp-image-278\" src=\"http:\/\/qc-yachting.com\/wp-content\/uploads\/2015\/12\/Cock1-300x225.jpg\" alt=\"Cockpit\" width=\"300\" height=\"225\" srcset=\"https:\/\/qc-yachting.com\/wp-content\/uploads\/2015\/12\/Cock1-300x225.jpg 300w, https:\/\/qc-yachting.com\/wp-content\/uploads\/2015\/12\/Cock1.jpg 448w\" sizes=\"auto, (max-width: 300px) 100vw, 300px\" \/><\/a><\/td>\n<td>Salon\n<p><a href=\"http:\/\/qc-yachting.com\/wp-content\/uploads\/2015\/12\/Salon.jpg\" rel=\"attachment wp-att-284\"><img loading=\"lazy\" decoding=\"async\" class=\"alignnone size-medium wp-image-284\" src=\"http:\/\/qc-yachting.com\/wp-content\/uploads\/2015\/12\/Salon-300x225.jpg\" alt=\"Salon\" width=\"300\" height=\"225\" srcset=\"https:\/\/qc-yachting.com\/wp-content\/uploads\/2015\/12\/Salon-300x225.jpg 300w, https:\/\/qc-yachting.com\/wp-content\/uploads\/2015\/12\/Salon.jpg 448w\" sizes=\"auto, (max-width: 300px) 100vw, 300px\" \/><\/a><\/p><\/td>\n<\/tr>\n<tr>\n<td>Pantry\u00a0<a href=\"http:\/\/qc-yachting.com\/wp-content\/uploads\/2015\/12\/SansSouci-Salon.jpg\" rel=\"attachment wp-att-282\"><img loading=\"lazy\" decoding=\"async\" class=\"alignnone size-medium wp-image-282\" src=\"http:\/\/qc-yachting.com\/wp-content\/uploads\/2015\/12\/SansSouci-Salon-300x220.jpg\" alt=\"SansSouci-Salon\" width=\"300\" height=\"220\" srcset=\"https:\/\/qc-yachting.com\/wp-content\/uploads\/2015\/12\/SansSouci-Salon-300x220.jpg 300w, https:\/\/qc-yachting.com\/wp-content\/uploads\/2015\/12\/SansSouci-Salon.jpg 523w\" sizes=\"auto, (max-width: 300px) 100vw, 300px\" \/><\/a><\/td>\n<td>Cabin (front)\u00a0<a href=\"http:\/\/qc-yachting.com\/wp-content\/uploads\/2015\/12\/Vor.jpg\" rel=\"attachment wp-att-173\"><img loading=\"lazy\" decoding=\"async\" class=\"alignnone size-medium wp-image-173\" src=\"http:\/\/qc-yachting.com\/wp-content\/uploads\/2015\/12\/Vor-300x225.jpg\" alt=\"Vor\" width=\"300\" height=\"225\" srcset=\"https:\/\/qc-yachting.com\/wp-content\/uploads\/2015\/12\/Vor-300x225.jpg 300w, https:\/\/qc-yachting.com\/wp-content\/uploads\/2015\/12\/Vor.jpg 448w\" sizes=\"auto, (max-width: 300px) 100vw, 300px\" \/><\/a><\/td>\n<\/tr>\n<tr>\n<td><\/td>\n<td><\/td>\n<\/tr>\n<\/tbody>\n<\/table>\n<p>&nbsp;<\/p>\n<div id=\"googleMapCanvas1\" class=\"google-map\"><\/div>\n<p>&nbsp;<\/p>\n<p>&nbsp;<\/p>\n<p>&nbsp;<\/p>\n<p>&nbsp;<\/p>\n<p>&nbsp;<\/p>\n<p>&nbsp;<\/p>\n<p>&nbsp;<\/p>\n<p>&nbsp;<\/p>\n<p>&nbsp;<\/p>\n","protected":false},"excerpt":{"rendered":"<p>[wpbs id=&#8221;1&#8243; form=&#8221;1&#8243; title=&#8221;no&#8221; legend=&#8221;yes&#8221; dropdown=&#8221;yes&#8221; start=&#8221;1&#8243; display=&#8221;3&#8243; language=&#8221;auto&#8221; history=&#8221;1&#8243; tooltip=&#8221;3&#8243; month=&#8221;3&#8243; year=&#8221;0&#8243; selection=&#8221;multiple&#8221; autopending=&#8221;no&#8221; weeknumbers=&#8221;no&#8221; minimumdays=&#8221;3&#8243; formposition=&#8221;side&#8221;] Liegeplatz Rostock &#8211; Warnem\u00fcnde (Marina Hohe D\u00fcne) L\u00e4nge \u00fc.a. 14,20 m Breite 4,35 m Tiefgang 1,85\u00a0m Bootsrumpf GFK Motor 55 PS Volvo Vorsegel 71,00 qm Rollreff Gro\u00df 51,00 qm Kabinen 4 Kojen 8 + 2 Baujahr 2005<\/p>\n<div class=\"padding-top text-center\"><a href=\"https:\/\/qc-yachting.com\/en\/fleet\/segelyacht-sans-souci\/\" class=\"atbtn atbtn--medium atbtn--rounded atbtn--transparent\">Mehr&#8230;<i class=\"atbtn__icon atbtn__icon--right fa fa-long-arrow-right\"><\/i><\/a><\/div>\n","protected":false},"author":1,"featured_media":0,"parent":322,"menu_order":0,"comment_status":"closed","ping_status":"closed","template":"","meta":{"footnotes":""},"class_list":["post-317","page","type-page","status-publish","hentry"],"translation":{"provider":"WPGlobus","version":"3.0.2","language":"en","enabled_languages":["de","en"],"languages":{"de":{"title":true,"content":true,"excerpt":false},"en":{"title":true,"content":true,"excerpt":false}}},"_links":{"self":[{"href":"https:\/\/qc-yachting.com\/en\/wp-json\/wp\/v2\/pages\/317","targetHints":{"allow":["GET"]}}],"collection":[{"href":"https:\/\/qc-yachting.com\/en\/wp-json\/wp\/v2\/pages"}],"about":[{"href":"https:\/\/qc-yachting.com\/en\/wp-json\/wp\/v2\/types\/page"}],"author":[{"embeddable":true,"href":"https:\/\/qc-yachting.com\/en\/wp-json\/wp\/v2\/users\/1"}],"replies":[{"embeddable":true,"href":"https:\/\/qc-yachting.com\/en\/wp-json\/wp\/v2\/comments?post=317"}],"version-history":[{"count":69,"href":"https:\/\/qc-yachting.com\/en\/wp-json\/wp\/v2\/pages\/317\/revisions"}],"predecessor-version":[{"id":2292,"href":"https:\/\/qc-yachting.com\/en\/wp-json\/wp\/v2\/pages\/317\/revisions\/2292"}],"up":[{"embeddable":true,"href":"https:\/\/qc-yachting.com\/en\/wp-json\/wp\/v2\/pages\/322"}],"wp:attachment":[{"href":"https:\/\/qc-yachting.com\/en\/wp-json\/wp\/v2\/media?parent=317"}],"curies":[{"name":"wp","href":"https:\/\/api.w.org\/{rel}","templated":true}]}}