{"id":1361,"date":"2016-04-03T19:05:35","date_gmt":"2016-04-03T18:05:35","guid":{"rendered":"http:\/\/qc-yachting.com\/?page_id=1361"},"modified":"2016-04-04T12:40:15","modified_gmt":"2016-04-04T11:40:15","slug":"segelyacht-southern_cross","status":"publish","type":"page","link":"https:\/\/qc-yachting.com\/en\/fleet\/segelyacht-southern_cross\/","title":{"rendered":"S\/V &#8220;Southern Cross&#8221;"},"content":{"rendered":"<div class=\"panel-group accordion\" id=\"ataccordion1\">\n<div class=\"panel panel-default accordion__item\">\n\t<div class=\"panel-heading accordion__item__title-wrap\">\n\t\t<h4 class=\"panel-title\">\n\t\t\t<a data-toggle=\"collapse\" data-parent=\"#ataccordion1\" href=\"#ataccordion1_1\" class=\"accordion__item__link\">Allgemein<\/a>\n\t\t<\/h4>\n\t<\/div>\n\t<div id=\"ataccordion1_1\" class=\"panel-collapse in\">\n\t\t<div class=\"panel-body accordion__item__content\">\n<div class=\"icons-set\">\n\t<div class=\"row icons-set__row\">\n\t\t\t\t\t<div class=\"col-sm-3\">\n\t\t\t<div class=\"icons-set__item\">\n\t\t\t\t\t\t\t<div class=\"icons-set__item__field icons-set__item__field--fix-size\">\n\t\t\t\t<div class=\"icons-set__item__icon-wrap\"><i class=\"icons-set__item__icon td-note\"><\/i><\/div>\t\t\t\t<\/div>\n\t\t\t\t\t\t\t<div class=\"icons-set__item__field\">\n\t\t\t\t<h3 class=\"icons-set__item__title\">L\u00e4nge \u00fc.a.<\/h3>\t\t\t\t\t<div class=\"icons-set__item__description\">6,75m<\/div>\n\t\t\t\t<\/div>\n\t\t\t<\/div>\n\t\t<\/div>\n\t\t\t\t\t<div class=\"col-sm-3\">\n\t\t\t<div class=\"icons-set__item\">\n\t\t\t\t\t\t\t<div class=\"icons-set__item__field icons-set__item__field--fix-size\">\n\t\t\t\t<div class=\"icons-set__item__icon-wrap\"><i class=\"icons-set__item__icon td-note\"><\/i><\/div>\t\t\t\t<\/div>\n\t\t\t\t\t\t\t<div class=\"icons-set__item__field\">\n\t\t\t\t<h3 class=\"icons-set__item__title\">Breite<\/h3>\t\t\t\t\t<div class=\"icons-set__item__description\">2,35 m<\/div>\n\t\t\t\t<\/div>\n\t\t\t<\/div>\n\t\t<\/div>\n\t\t\t\t\t<div class=\"col-sm-3\">\n\t\t\t<div class=\"icons-set__item\">\n\t\t\t\t\t\t\t<div class=\"icons-set__item__field icons-set__item__field--fix-size\">\n\t\t\t\t<div class=\"icons-set__item__icon-wrap\"><i class=\"icons-set__item__icon td-note\"><\/i><\/div>\t\t\t\t<\/div>\n\t\t\t\t\t\t\t<div class=\"icons-set__item__field\">\n\t\t\t\t<h3 class=\"icons-set__item__title\">Tiefgang<\/h3>\t\t\t\t\t<div class=\"icons-set__item__description\">0,55\u00a0m (Kielschwert bis 1,35m)<\/div>\n\t\t\t\t<\/div>\n\t\t\t<\/div>\n\t\t<\/div>\n\t\t\t\t\t<div class=\"col-sm-3\">\n\t\t\t<div class=\"icons-set__item\">\n\t\t\t\t\t\t\t<div class=\"icons-set__item__field icons-set__item__field--fix-size\">\n\t\t\t\t<div class=\"icons-set__item__icon-wrap\"><i class=\"icons-set__item__icon td-note\"><\/i><\/div>\t\t\t\t<\/div>\n\t\t\t\t\t\t\t<div class=\"icons-set__item__field\">\n\t\t\t\t<h3 class=\"icons-set__item__title\">Bootsrumpf<\/h3>\t\t\t\t\t<div class=\"icons-set__item__description\">GFK<\/div>\n\t\t\t\t<\/div>\n\t\t\t<\/div>\n\t\t<\/div>\n\t\t\t<\/div><div class=\"row icons-set__row\">\t\t<div class=\"col-sm-3\">\n\t\t\t<div class=\"icons-set__item\">\n\t\t\t\t\t\t\t<div class=\"icons-set__item__field icons-set__item__field--fix-size\">\n\t\t\t\t<div class=\"icons-set__item__icon-wrap\"><i class=\"icons-set__item__icon td-note\"><\/i><\/div>\t\t\t\t<\/div>\n\t\t\t\t\t\t\t<div class=\"icons-set__item__field\">\n\t\t\t\t<h3 class=\"icons-set__item__title\">Gewicht<\/h3>\t\t\t\t\t<div class=\"icons-set__item__description\">960 kg<\/div>\n\t\t\t\t<\/div>\n\t\t\t<\/div>\n\t\t<\/div>\n\t\t\t\t\t<div class=\"col-sm-3\">\n\t\t\t<div class=\"icons-set__item\">\n\t\t\t\t\t\t\t<div class=\"icons-set__item__field icons-set__item__field--fix-size\">\n\t\t\t\t<div class=\"icons-set__item__icon-wrap\"><i class=\"icons-set__item__icon td-note\"><\/i><\/div>\t\t\t\t<\/div>\n\t\t\t\t\t\t\t<div class=\"icons-set__item__field\">\n\t\t\t\t<h3 class=\"icons-set__item__title\">Motor<\/h3>\t\t\t\t\t<div class=\"icons-set__item__description\">2KW Elektro mit Saildrive Intern<\/div>\n\t\t\t\t<\/div>\n\t\t\t<\/div>\n\t\t<\/div>\n\t\t\t\t\t<div class=\"col-sm-3\">\n\t\t\t<div class=\"icons-set__item\">\n\t\t\t\t\t\t\t<div class=\"icons-set__item__field icons-set__item__field--fix-size\">\n\t\t\t\t<div class=\"icons-set__item__icon-wrap\"><i class=\"icons-set__item__icon td-note\"><\/i><\/div>\t\t\t\t<\/div>\n\t\t\t\t\t\t\t<div class=\"icons-set__item__field\">\n\t\t\t\t<h3 class=\"icons-set__item__title\">Masth\u00f6he \u00fcber W.<\/h3>\t\t\t\t\t<div class=\"icons-set__item__description\">12,75 m (ca.)<\/div>\n\t\t\t\t<\/div>\n\t\t\t<\/div>\n\t\t<\/div>\n\t\t\t\t\t<div class=\"col-sm-3\">\n\t\t\t<div class=\"icons-set__item\">\n\t\t\t\t\t\t\t<div class=\"icons-set__item__field icons-set__item__field--fix-size\">\n\t\t\t\t<div class=\"icons-set__item__icon-wrap\"><i class=\"icons-set__item__icon td-note\"><\/i><\/div>\t\t\t\t<\/div>\n\t\t\t\t\t\t\t<div class=\"icons-set__item__field\">\n\t\t\t\t<h3 class=\"icons-set__item__title\">Vorsegel<\/h3>\t\t\t\t\t<div class=\"icons-set__item__description\">71,00 qm elektrischer &#8211; stufenloser &#8211; Genua (von der Pinne bedienbar)<\/div>\n\t\t\t\t<\/div>\n\t\t\t<\/div>\n\t\t<\/div>\n\t\t\t<\/div><div class=\"row icons-set__row\">\t\t<div class=\"col-sm-3\">\n\t\t\t<div class=\"icons-set__item\">\n\t\t\t\t\t\t\t<div class=\"icons-set__item__field icons-set__item__field--fix-size\">\n\t\t\t\t<div class=\"icons-set__item__icon-wrap\"><i class=\"icons-set__item__icon td-note\"><\/i><\/div>\t\t\t\t<\/div>\n\t\t\t\t\t\t\t<div class=\"icons-set__item__field\">\n\t\t\t\t<h3 class=\"icons-set__item__title\">Gro\u00df<\/h3>\t\t\t\t\t<div class=\"icons-set__item__description\">56,00 qm<\/div>\n\t\t\t\t<\/div>\n\t\t\t<\/div>\n\t\t<\/div>\n\t\t\t\t\t<div class=\"col-sm-3\">\n\t\t\t<div class=\"icons-set__item\">\n\t\t\t\t\t\t\t<div class=\"icons-set__item__field icons-set__item__field--fix-size\">\n\t\t\t\t<div class=\"icons-set__item__icon-wrap\"><i class=\"icons-set__item__icon td-note\"><\/i><\/div>\t\t\t\t<\/div>\n\t\t\t\t\t\t\t<div class=\"icons-set__item__field\">\n\t\t\t\t<h3 class=\"icons-set__item__title\">Kabinen<\/h3>\t\t\t\t\t<div class=\"icons-set__item__description\">1<\/div>\n\t\t\t\t<\/div>\n\t\t\t<\/div>\n\t\t<\/div>\n\t\t\t\t\t<div class=\"col-sm-3\">\n\t\t\t<div class=\"icons-set__item\">\n\t\t\t\t\t\t\t<div class=\"icons-set__item__field icons-set__item__field--fix-size\">\n\t\t\t\t<div class=\"icons-set__item__icon-wrap\"><i class=\"icons-set__item__icon td-note\"><\/i><\/div>\t\t\t\t<\/div>\n\t\t\t\t\t\t\t<div class=\"icons-set__item__field\">\n\t\t\t\t<h3 class=\"icons-set__item__title\">Kojen<\/h3>\t\t\t\t\t<div class=\"icons-set__item__description\">2 + 2<\/div>\n\t\t\t\t<\/div>\n\t\t\t<\/div>\n\t\t<\/div>\n\t\t\t\t\t<div class=\"col-sm-3\">\n\t\t\t<div class=\"icons-set__item\">\n\t\t\t\t\t\t\t<div class=\"icons-set__item__field icons-set__item__field--fix-size\">\n\t\t\t\t<div class=\"icons-set__item__icon-wrap\"><i class=\"icons-set__item__icon td-note\"><\/i><\/div>\t\t\t\t<\/div>\n\t\t\t\t\t\t\t<div class=\"icons-set__item__field\">\n\t\t\t\t<h3 class=\"icons-set__item__title\">Baujahr<\/h3>\t\t\t\t\t<div class=\"icons-set__item__description\">1970<\/div>\n\t\t\t\t<\/div>\n\t\t\t<\/div>\n\t\t<\/div>\n\t\t<\/div>\n<\/div>\n<\/div>\n\t<\/div>\n<\/div>\n<p>&nbsp;<\/p>\n<div class=\"panel panel-default accordion__item\">\n\t<div class=\"panel-heading accordion__item__title-wrap\">\n\t\t<h4 class=\"panel-title\">\n\t\t\t<a data-toggle=\"collapse\" data-parent=\"#ataccordion1\" href=\"#ataccordion1_2\" class=\"accordion__item__link collapsed\">Zubeh\u00f6r<\/a>\n\t\t<\/h4>\n\t<\/div>\n\t<div id=\"ataccordion1_2\" class=\"panel-collapse collapse\">\n\t\t<div class=\"panel-body accordion__item__content\">\n<ul>\n<li>Lattengro\u00df und Lazybag, Rollgenua Furlex<\/li>\n<li>Pfluganker, verzinkt<\/li>\n<li>Ankerleine mit Ankerkette<\/li>\n<li>2. Anker mit Ankerleine<\/li>\n<li>Festmacherleinen<\/li>\n<li>Fender<\/li>\n<li>Sprayhood<\/li>\n<li>K\u00fchlzelle<\/li>\n<li>Radio\/CD<\/li>\n<\/ul>\n<\/div>\n\t<\/div>\n<\/div>\n<div class=\"panel panel-default accordion__item\">\n\t<div class=\"panel-heading accordion__item__title-wrap\">\n\t\t<h4 class=\"panel-title\">\n\t\t\t<a data-toggle=\"collapse\" data-parent=\"#ataccordion1\" href=\"#ataccordion1_3\" class=\"accordion__item__link collapsed\">Hafen<\/a>\n\t\t<\/h4>\n\t<\/div>\n\t<div id=\"ataccordion1_3\" class=\"panel-collapse collapse\">\n\t\t<div class=\"panel-body accordion__item__content\">Unterbacher See, D\u00fcsseldorf<strong>:<\/strong><div id=\"googleMapCanvas1\" class=\"google-map\"><\/div><\/div>\n\t<\/div>\n<\/div>\n<div class=\"panel panel-default accordion__item\">\n\t<div class=\"panel-heading accordion__item__title-wrap\">\n\t\t<h4 class=\"panel-title\">\n\t\t\t<a data-toggle=\"collapse\" data-parent=\"#ataccordion1\" href=\"#ataccordion1_4\" class=\"accordion__item__link collapsed\">Sicherheit<\/a>\n\t\t<\/h4>\n\t<\/div>\n\t<div id=\"ataccordion1_4\" class=\"panel-collapse collapse\">\n\t\t<div class=\"panel-body accordion__item__content\">\n<ul>\n<li>Notruder<\/li>\n<li>Feuerl\u00f6scher (1)<\/li>\n<li>Rettungskragen mit Leine (1)<\/li>\n<li>Taschenlampen<\/li>\n<li>Handlenzpumpe<\/li>\n<\/ul>\n<\/div>\n\t<\/div>\n<\/div>\n<div class=\"panel panel-default accordion__item\">\n\t<div class=\"panel-heading accordion__item__title-wrap\">\n\t\t<h4 class=\"panel-title\">\n\t\t\t<a data-toggle=\"collapse\" data-parent=\"#ataccordion1\" href=\"#ataccordion1_5\" class=\"accordion__item__link collapsed\">Auf Deck<\/a>\n\t\t<\/h4>\n\t<\/div>\n\t<div id=\"ataccordion1_5\" class=\"panel-collapse collapse\">\n\t\t<div class=\"panel-body accordion__item__content\">\n<ul>\n<li>Elektr. Ankerwinsch<\/li>\n<li>CQR-Anker mit\u00a0Kette<\/li>\n<li>Heckanker mit Leine<\/li>\n<li>Fall- und Genuawinschen (2 gang selbstholend)<\/li>\n<\/ul>\n<\/div>\n\t<\/div>\n<\/div>\n<div class=\"panel panel-default accordion__item\">\n\t<div class=\"panel-heading accordion__item__title-wrap\">\n\t\t<h4 class=\"panel-title\">\n\t\t\t<a data-toggle=\"collapse\" data-parent=\"#ataccordion1\" href=\"#ataccordion1_6\" class=\"accordion__item__link collapsed\">Unter Deck<\/a>\n\t\t<\/h4>\n\t<\/div>\n\t<div id=\"ataccordion1_6\" class=\"panel-collapse collapse\">\n\t\t<div class=\"panel-body accordion__item__content\">\n<ul>\n<li>Sp\u00fclbecken<\/li>\n<li>K\u00fchlschrank und K\u00fchlfach<\/li>\n<li>Pott und Dann f\u00fcr 4 Personen<\/li>\n<\/ul>\n<\/div>\n\t<\/div>\n<\/div>\n<div class=\"panel panel-default accordion__item\">\n\t<div class=\"panel-heading accordion__item__title-wrap\">\n\t\t<h4 class=\"panel-title\">\n\t\t\t<a data-toggle=\"collapse\" data-parent=\"#ataccordion1\" href=\"#ataccordion1_7\" class=\"accordion__item__link\">Fotos<\/a>\n\t\t<\/h4>\n\t<\/div>\n\t<div id=\"ataccordion1_7\" class=\"panel-collapse in\">\n\t\t<div class=\"panel-body accordion__item__content\">[rev_slider alias=&#8221;sans-souci&#8221;]<\/div>\n\t<\/div>\n<\/div>\n<\/div>\n<p>Die Southern Cross ist f\u00fcr private Zwecke am Unterbacher See gelagert. Freunde und Facebook Freunde k\u00f6nnen jederzeit mitkommen \ud83d\ude09<\/p>\n<hr \/>\n<div id=\"swiper2\" class=\"atgrid atgrid--with-image padding-top-large padding-bottom-large\">\n\t<div class=\"atgrid__bg\" style=\"background:url(http:\/\/qc-yachting.com\/wp-content\/uploads\/2016\/01\/IMG_2089.jpg) no-repeat center\"><\/div>\n<div class=\"title title--big title--center title--underline title--decoration-bottom-center\">\n\t\t<h3 class=\"title__primary\">Segeln mit Sans Souci<\/h3>\n<\/div>\n\t<div class=\"atgrid__slider\">\n\t\t<div class=\"atgrid__slider__controls atgrid__slider__controls--dark\">\n\t\t\t<a class=\"atgrid__slider__prev\" href=\"#\"><i class=\"fa fa-chevron-left\"><\/i><\/a>\n\t\t\t<a class=\"atgrid__slider__next\" href=\"#\"><i class=\"fa fa-chevron-right\"><\/i><\/a>\n\t\t<\/div>\n\n\t\t<div class=\"swiper-container swiper-slider atgrid__slider__container\">\n\t\t\t<div class=\"swiper-wrapper\">\n\t\t\t\t\t\t\t\t\t\t<div class=\"swiper-slide\">\n\t\t\t\t\t<div class=\"atgrid__item\">\n\t\t\t\t\t\t<div class=\"atgrid__item__top\">\n\t\t\t\t\t\t\t<a href=\"https:\/\/qc-yachting.com\/en\/alle\/segeln-als-gruppe\/\" class=\"atgrid__item__top__image\"><img loading=\"lazy\" decoding=\"async\" width=\"360\" height=\"240\" src=\"https:\/\/qc-yachting.com\/wp-content\/uploads\/2015\/12\/Salon-360x240.jpg\" class=\"attachment-thumb_tour_listing_small size-thumb_tour_listing_small wp-post-image\" alt=\"\" srcset=\"https:\/\/qc-yachting.com\/wp-content\/uploads\/2015\/12\/Salon-360x240.jpg 360w, https:\/\/qc-yachting.com\/wp-content\/uploads\/2015\/12\/Salon-180x120.jpg 180w, https:\/\/qc-yachting.com\/wp-content\/uploads\/2015\/12\/Salon-270x180.jpg 270w\" sizes=\"auto, (max-width: 360px) 100vw, 360px\" \/><\/a>\t\t\t\t\t\t\t<div class=\"atgrid__item__angle-wrap\"><div class=\"atgrid__item__angle\" style=\"background-color:\">\ud83d\udcb0 Angebot\ud83d\udcb0<\/div><\/div>\t\t\t\t\t\t\t<div class=\"atgrid__item__price\"><a href=\"https:\/\/qc-yachting.com\/en\/alle\/segeln-als-gruppe\/\" class=\"atgrid__item__price__button\"><span class=\"woocommerce-Price-amount amount\" aria-hidden=\"true\"><bdi><span class=\"woocommerce-Price-currencySymbol\">&euro;<\/span>2.249,00<\/bdi><\/span> <span aria-hidden=\"true\">&ndash;<\/span> <span class=\"woocommerce-Price-amount amount\" aria-hidden=\"true\"><bdi><span class=\"woocommerce-Price-currencySymbol\">&euro;<\/span>2.449,00<\/bdi><\/span><span class=\"screen-reader-text\">Price range: &euro;2.249,00 through &euro;2.449,00<\/span><\/a><\/div>\t\t\t\t\t\t\t\t\t\t\t\t\t\t<div class=\"atgrid__item__icons\"><a href=\"https:\/\/qc-yachting.com\/en\/tour-category\/departure\/\"><i data-toggle=\"tooltip\" title=\"Ab Hafen\" class=\"td-earth\"><\/i><\/a><a href=\"https:\/\/qc-yachting.com\/en\/tour-category\/group\/\"><i data-toggle=\"tooltip\" title=\"Gruppen (Teams)\" class=\"td-network-1\"><\/i><\/a><a href=\"https:\/\/qc-yachting.com\/en\/tour-category\/accommodations\/\"><i data-toggle=\"tooltip\" title=\"Kabine (Kojen)\" class=\"td-house-2\"><\/i><\/a><a href=\"https:\/\/qc-yachting.com\/en\/tour-category\/pauline\/\"><i data-toggle=\"tooltip\" title=\"Pauline\" class=\"td-sailboat-1\"><\/i><\/a><a href=\"https:\/\/qc-yachting.com\/en\/tour-category\/skipper-peter\/\"><i data-toggle=\"tooltip\" title=\"Peter\" class=\"td-photo-man\"><\/i><\/a><a href=\"https:\/\/qc-yachting.com\/en\/tour-category\/sans-souci\/\"><i data-toggle=\"tooltip\" title=\"Sans Souci\" class=\"td-sailboat\"><\/i><\/a><a href=\"https:\/\/qc-yachting.com\/en\/tour-category\/sea-change\/\"><i data-toggle=\"tooltip\" title=\"Sea Change\" class=\"td-sailboat\"><\/i><\/a><a href=\"https:\/\/qc-yachting.com\/en\/tour-category\/rostock-warnemunde\/\"><i data-toggle=\"tooltip\" title=\"Warnem\u00fcnde\" class=\"td-globe\"><\/i><\/a><\/div>\t\t\t\t\t\t<\/div>\n\n\t\t\t\t\t\t<div class=\"atgrid__item__content\">\n\t\t\t\t\t\t\t<h3 class=\"atgrid__item__title\"><a href=\"https:\/\/qc-yachting.com\/en\/alle\/segeln-als-gruppe\/\">{:de}Segeln als Gruppe - zZ. nicht verf\u00fcgbar{:}{:en}Sailing as a group - presently NOT available{:}<\/a><\/h3>\n\t\t\t\t\t\t\t\t\t\t\t\t\t<div class=\"atgrid__item__description\">[:de]Ihre Lieblingsyacht kann mit Ihrem Wunsch-Skipper auf einem der Reviere gebucht werden: Dies bietet sich als perfekte Incentive Veranstaltung f\u00fcr<\/div>\n\t\t\t\t\t\t\t\t\t\t\t\t<\/div>\n\t\t\t\t\t\t<div class=\"item-attributes\">\n\t\t\t\t\t\t\t<div class=\"item-attributes__item\"><div class=\"item-attributes__item__content\"><div class=\"item-attributes__item__content__item\"><i class=\"td-globe\"><\/i><\/div><div class=\"item-attributes__item__content__item item-attributes__item__content__item--text\"><span>Lelystad, NL<\/span><\/div><\/div><\/div><div class=\"item-attributes__item\"><div class=\"item-attributes__item__content\"><div class=\"item-attributes__item__content__item\"><i class=\"td-sailboat-1\"><\/i><\/div><div class=\"item-attributes__item__content__item item-attributes__item__content__item--text\"><span>S\/Y Pauline, S\/V Sans Souci<\/span><\/div><\/div><\/div>\t\t\t\t\t\t\t<div class=\"item-attributes__item\">\n\t\t\t\t\t\t\t\t<a href=\"https:\/\/qc-yachting.com\/en\/alle\/segeln-als-gruppe\/\" class=\"item-attributes__link\"><i class=\"fa fa-long-arrow-right\"><\/i><\/a>\n\t\t\t\t\t\t\t<\/div>\n\t\t\t\t\t\t<\/div>\n\t\t\t\t\t<\/div>\n\t\t\t\t<\/div>\n\t\t\t\t\t\t\t\t\t\t<div class=\"swiper-slide\">\n\t\t\t\t\t<div class=\"atgrid__item\">\n\t\t\t\t\t\t<div class=\"atgrid__item__top\">\n\t\t\t\t\t\t\t<a href=\"https:\/\/qc-yachting.com\/en\/alle\/family\/\" class=\"atgrid__item__top__image\"><img loading=\"lazy\" decoding=\"async\" width=\"360\" height=\"240\" src=\"https:\/\/qc-yachting.com\/wp-content\/uploads\/2016\/01\/IMG_2117-360x240.jpg\" class=\"attachment-thumb_tour_listing_small size-thumb_tour_listing_small wp-post-image\" alt=\"\" srcset=\"https:\/\/qc-yachting.com\/wp-content\/uploads\/2016\/01\/IMG_2117-360x240.jpg 360w, https:\/\/qc-yachting.com\/wp-content\/uploads\/2016\/01\/IMG_2117-531x354.jpg 531w, https:\/\/qc-yachting.com\/wp-content\/uploads\/2016\/01\/IMG_2117-180x120.jpg 180w, https:\/\/qc-yachting.com\/wp-content\/uploads\/2016\/01\/IMG_2117-270x180.jpg 270w\" sizes=\"auto, (max-width: 360px) 100vw, 360px\" \/><\/a>\t\t\t\t\t\t\t\t\t\t\t\t\t\t<div class=\"atgrid__item__price\"><a href=\"https:\/\/qc-yachting.com\/en\/alle\/family\/\" class=\"atgrid__item__price__button\"><span class=\"woocommerce-Price-amount amount\"><bdi><span class=\"woocommerce-Price-currencySymbol\">&euro;<\/span>299,00<\/bdi><\/span><\/a><\/div>\t\t\t\t\t\t\t<div class=\"atgrid__item__rating\"><i class=\"fa fa-star\"><\/i><i class=\"fa fa-star\"><\/i><i class=\"fa fa-star\"><\/i><i class=\"fa fa-star\"><\/i><i class=\"fa fa-star\"><\/i><\/div>\t\t\t\t\t\t\t<div class=\"atgrid__item__icons\"><a href=\"https:\/\/qc-yachting.com\/en\/tour-category\/family-friendly\/\"><i data-toggle=\"tooltip\" title=\"Familien-freundlich\" class=\"td-sailboat\"><\/i><\/a><a href=\"https:\/\/qc-yachting.com\/en\/tour-category\/accommodations\/\"><i data-toggle=\"tooltip\" title=\"Kabine (Kojen)\" class=\"td-house-2\"><\/i><\/a><a href=\"https:\/\/qc-yachting.com\/en\/tour-category\/lelystad\/\"><i data-toggle=\"tooltip\" title=\"Lelystad, NL\" class=\"td-globe\"><\/i><\/a><a href=\"https:\/\/qc-yachting.com\/en\/tour-category\/pauline\/\"><i data-toggle=\"tooltip\" title=\"Pauline\" class=\"td-sailboat-1\"><\/i><\/a><a href=\"https:\/\/qc-yachting.com\/en\/tour-category\/skipper-peter\/\"><i data-toggle=\"tooltip\" title=\"Peter\" class=\"td-photo-man\"><\/i><\/a><a href=\"https:\/\/qc-yachting.com\/en\/tour-category\/sans-souci\/\"><i data-toggle=\"tooltip\" title=\"Sans Souci\" class=\"td-sailboat\"><\/i><\/a><a href=\"https:\/\/qc-yachting.com\/en\/tour-category\/for-kids\/\"><i data-toggle=\"tooltip\" title=\"Suitable for Kids\" class=\"td-backpack\"><\/i><\/a><\/div>\t\t\t\t\t\t<\/div>\n\n\t\t\t\t\t\t<div class=\"atgrid__item__content\">\n\t\t\t\t\t\t\t<h3 class=\"atgrid__item__title\"><a href=\"https:\/\/qc-yachting.com\/en\/alle\/family\/\">{:de}T\u00f6rn f\u00fcr die Familie - zZ. nicht verf\u00fcgbar{:}{:en}Family Sail - presently NOT available{:}<\/a><\/h3>\n\t\t\t\t\t\t\t\t\t\t\t\t\t<div class=\"atgrid__item__description\">[:de]&nbsp; Familient\u00f6rn nun als Standard Produkt auch 2018 verf\u00fcgbar! Diese Tour wurde konzipiert, um junge Familien die Gelegenheit zum segeln<\/div>\n\t\t\t\t\t\t\t\t\t\t\t\t<\/div>\n\t\t\t\t\t\t<div class=\"item-attributes\">\n\t\t\t\t\t\t\t<div class=\"item-attributes__item\"><div class=\"item-attributes__item__content\"><div class=\"item-attributes__item__content__item\"><i class=\"td-globe\"><\/i><\/div><div class=\"item-attributes__item__content__item item-attributes__item__content__item--text\"><span>Lelystad, NL<\/span><\/div><\/div><\/div><div class=\"item-attributes__item\"><div class=\"item-attributes__item__content\"><div class=\"item-attributes__item__content__item\"><i class=\"td-sailboat-1\"><\/i><\/div><div class=\"item-attributes__item__content__item item-attributes__item__content__item--text\"><span>S\/Y Pauline, S\/V Sans Souci<\/span><\/div><\/div><\/div>\t\t\t\t\t\t\t<div class=\"item-attributes__item\">\n\t\t\t\t\t\t\t\t<a href=\"https:\/\/qc-yachting.com\/en\/alle\/family\/\" class=\"item-attributes__link\"><i class=\"fa fa-long-arrow-right\"><\/i><\/a>\n\t\t\t\t\t\t\t<\/div>\n\t\t\t\t\t\t<\/div>\n\t\t\t\t\t<\/div>\n\t\t\t\t<\/div>\n\t\t\t\t\t\t\t\t\t<\/div><!-- .swiper-wrapper -->\n\t\t<\/div><!-- .swiper-container -->\n\t<\/div><!-- .atgrid__slider  -->\n<\/div><!-- .atgrid -->\n\n","protected":false},"excerpt":{"rendered":"<p>Die Southern Cross ist f\u00fcr private Zwecke am Unterbacher See gelagert. Freunde und Facebook Freunde k\u00f6nnen jederzeit mitkommen \ud83d\ude09<\/p>\n","protected":false},"author":1,"featured_media":0,"parent":322,"menu_order":0,"comment_status":"closed","ping_status":"closed","template":"","meta":{"footnotes":""},"class_list":["post-1361","page","type-page","status-publish","hentry"],"translation":{"provider":"WPGlobus","version":"3.0.2","language":"en","enabled_languages":["de","en"],"languages":{"de":{"title":true,"content":true,"excerpt":false},"en":{"title":true,"content":true,"excerpt":false}}},"_links":{"self":[{"href":"https:\/\/qc-yachting.com\/en\/wp-json\/wp\/v2\/pages\/1361","targetHints":{"allow":["GET"]}}],"collection":[{"href":"https:\/\/qc-yachting.com\/en\/wp-json\/wp\/v2\/pages"}],"about":[{"href":"https:\/\/qc-yachting.com\/en\/wp-json\/wp\/v2\/types\/page"}],"author":[{"embeddable":true,"href":"https:\/\/qc-yachting.com\/en\/wp-json\/wp\/v2\/users\/1"}],"replies":[{"embeddable":true,"href":"https:\/\/qc-yachting.com\/en\/wp-json\/wp\/v2\/comments?post=1361"}],"version-history":[{"count":4,"href":"https:\/\/qc-yachting.com\/en\/wp-json\/wp\/v2\/pages\/1361\/revisions"}],"predecessor-version":[{"id":1371,"href":"https:\/\/qc-yachting.com\/en\/wp-json\/wp\/v2\/pages\/1361\/revisions\/1371"}],"up":[{"embeddable":true,"href":"https:\/\/qc-yachting.com\/en\/wp-json\/wp\/v2\/pages\/322"}],"wp:attachment":[{"href":"https:\/\/qc-yachting.com\/en\/wp-json\/wp\/v2\/media?parent=1361"}],"curies":[{"name":"wp","href":"https:\/\/api.w.org\/{rel}","templated":true}]}}